{"id":4452,"date":"2016-04-22T10:28:15","date_gmt":"2016-04-22T08:28:15","guid":{"rendered":"http:\/\/chirurgie-pasing.de\/?page_id=4452"},"modified":"2016-07-25T15:54:04","modified_gmt":"2016-07-25T13:54:04","slug":"impressum","status":"publish","type":"page","link":"https:\/\/chirurgie-pasing.de\/?page_id=4452","title":{"rendered":"Impressum"},"content":{"rendered":"<p>Herausgeber<\/p>\n<p>Nora R\u00e4misch<br \/>\nPasinger Bahnhofsplatz 4<br \/>\n81241 M\u00fcnchen-Pasing<\/p>\n<p>Telefon 089 \u2013 834 1230<br \/>\nFax 089 \u2013 8208 5423<br \/>\nEmail <a href=\"mailto:info@chirurgie-pasing.de\" target=\"_blank\">info@chirurgie-pasing.de<\/a><\/p>\n<p><strong>Berufsbezeichnung<\/strong><br \/>\nFach\u00e4rztin f\u00fcr Chirurgie und Gef\u00e4\u00dfchirurgie<\/p>\n<p><strong>Verliehen in<\/strong><br \/>\nBundesrepublik Deutschland<\/p>\n<p><strong>\u00c4rztekammer:<\/strong><br \/>\nBayerische Landes\u00e4rztekammer (<a href=\"http:\/\/www.blaek.de\/\" target=\"_blank\">www.blaek.de<\/a>)<br \/>\n<strong>Kassen\u00e4rztliche Vereinigung<\/strong><br \/>\nKassen\u00e4rztliche Vereinigung Bayerns (<a href=\"https:\/\/www.kvb.de\/\" target=\"_blank\">www.kvb.de<\/a>)<br \/>\n<strong>Berufsrechtliche Regelungen<\/strong><br \/>\n<a href=\"http:\/\/www.blaek.de\/hauptseite.cfm?id_seite=127\" target=\"_blank\">Berufsordnung f\u00fcr die \u00c4rzte Bayerns<\/a><br \/>\n<strong>Verantwortlich f\u00fcr den Inhalt<\/strong><br \/>\nNora R\u00e4misch<\/p>\n<p>Rechtliche Hinweise zu dieser Website<\/p>\n<p>1. Inhalt des Onlineangebotes<br \/>\nNora R\u00e4misch \u00fcbernimmt keinerlei Gew\u00e4hr f\u00fcr die Aktualit\u00e4t, Korrektheit, Vollst\u00e4ndigkeit oder Qualit\u00e4t der bereitgestellten Informationen. Haftungsanspr\u00fcche gegen den Autor, welche sich auf Sch\u00e4den materieller oder ideeller Art beziehen, die durch die Nutzung oder Nichtnutzung der dargebotenen Informationen bzw. durch die Nutzung fehlerhafter und unvollst\u00e4ndiger Informationen verursacht wurden, sind grunds\u00e4tzlich ausgeschlossen, sofern seitens des Autors kein nachweislich vors\u00e4tzliches oder grob fahrl\u00e4ssiges Verschulden vorliegt.\u2028Alle Angebote sind freibleibend und unverbindlich. Nora R\u00e4misch beh\u00e4lt es sich ausdr\u00fccklich vor, Teile der Seiten oder das gesamte Angebot ohne gesonderte Ank\u00fcndigung zu ver\u00e4ndern, zu erg\u00e4nzen, zu l\u00f6schen oder die Ver\u00f6ffentlichung zeitweise oder endg\u00fcltig einzustellen.<br \/>\n2. Verweise und Links<br \/>\nBei direkten oder indirekten Verweisen auf fremde Internetseiten (&#8222;Links&#8220;), die au\u00dferhalb des Verantwortungsbereiches des Autors liegen, w\u00fcrde eine Haftungsverpflichtung ausschlie\u00dflich in dem Fall in Kraft treten, in dem Nora R\u00e4misch von den Inhalten Kenntnis hat und es ihm technisch m\u00f6glich und zumutbar w\u00e4re, die Nutzung im Falle rechtswidriger Inhalte zu verhindern.\u2028Nora R\u00e4misch erkl\u00e4rt hiermit ausdr\u00fccklich, dass zum Zeitpunkt der Linksetzung keine illegalen Inhalte auf den zu verlinkenden Seiten erkennbar waren. Auf die aktuelle und zuk\u00fcnftige Gestaltung, die Inhalte oder die Urheberschaft der gelinkten\/verkn\u00fcpften Seiten hat Nora R\u00e4misch keinerlei Einfluss. Deshalb distanziert er sich hiermit ausdr\u00fccklich von allen Inhalten aller gelinkten \/verkn\u00fcpften Seiten, die nach der Linksetzung ver\u00e4ndert wurden. Diese Feststellung gilt f\u00fcr alle innerhalb des eigenen Internetangebotes gesetzten Links und Verweise sowie f\u00fcr Fremdeintr\u00e4ge in vom Autor eingerichteten G\u00e4steb\u00fcchern, Diskussionsforen und Mailinglisten. F\u00fcr illegale, fehlerhafte oder unvollst\u00e4ndige Inhalte und insbesondere f\u00fcr Sch\u00e4den, die aus der Nutzung oder Nichtnutzung solcherart dargebotener Informationen entstehen, haftet allein der Anbieter der Seite, auf welche verwiesen wurde, nicht derjenige, der \u00fcber Links auf die jeweilige Ver\u00f6ffentlichung lediglich verweist.<br \/>\n3. Urheber- und Kennzeichenrecht<br \/>\nNora R\u00e4misch ist bestrebt, in allen Publikationen die Urheberrechte der verwendeten Grafiken, Tondokumente, Videosequenzen und Texte zu beachten, von ihm selbst erstellte Grafiken, Tondokumente, Videosequenzen und Texte zu nutzen oder auf lizenzfreie Grafiken, Tondokumente, Videosequenzen und Texte zur\u00fcckzugreifen.\u2028Alle innerhalb des Internetangebotes genannten und ggf. durch Dritte gesch\u00fctzten Marken- und Warenzeichen unterliegen uneingeschr\u00e4nkt den Bestimmungen des jeweils g\u00fcltigen Kennzeichenrechts und den Besitzrechten der jeweiligen eingetragenen Eigent\u00fcmer. Allein aufgrund der blo\u00dfen Nennung ist nicht der Schluss zu ziehen, dass Markenzeichen nicht durch Rechte Dritter gesch\u00fctzt sind! Das Copyright f\u00fcr ver\u00f6ffentlichte, vom Autor selbst erstellte Objekte bleibt allein beim Autor der Seiten. Eine Vervielf\u00e4ltigung oder Verwendung solcher Grafiken, Tondokumente, Videosequenzen und Texte in anderen elektronischen oder gedruckten Publikationen ist ohne ausdr\u00fcckliche Zustimmung des Autors nicht gestattet.\u2028Alle anderen hier erw\u00e4hnten Produkt- und Firmennamen sind Marken der jeweiligen Eigent\u00fcmer. Alle hier nicht ausdr\u00fccklich einger\u00e4umten Rechte bleiben vorbehalten.<br \/>\n4. Datenschutz<br \/>\nSofern innerhalb des Internetangebotes die M\u00f6glichkeit zur Eingabe pers\u00f6nlicher oder gesch\u00e4ftlicher Daten (Emailadressen, Namen, Anschriften) besteht, so erfolgt die Preisgabe dieser Daten seitens des Nutzers auf ausdr\u00fccklich freiwilliger Basis. Die Inanspruchnahme und Bezahlung aller angebotenen Dienste ist &#8211; soweit technisch m\u00f6glich und zumutbar &#8211; auch ohne Angabe solcher Daten bzw. unter Angabe anonymisierter Daten oder eines Pseudonyms gestattet.<br \/>\n5. Rechtswirksamkeit dieses Haftungsausschlusses<br \/>\nDieser Haftungsausschluss ist als Teil des Internetangebotes zu betrachten, von dem aus auf diese Seite verwiesen wurde. Sofern Teile oder einzelne Formulierungen dieses Textes der geltenden Rechtslage nicht, nicht mehr oder nicht vollst\u00e4ndig entsprechen sollten, bleiben die \u00fcbrigen Teile des Dokumentes in ihrem Inhalt und ihrer G\u00fcltigkeit davon unber\u00fchrt.<\/p>\n","protected":false},"excerpt":{"rendered":"<p>Herausgeber Nora R\u00e4misch Pasinger Bahnhofsplatz 4 81241 M\u00fcnchen-Pasing Telefon 089 \u2013 834 1230 Fax 089 \u2013 8208 5423 Email info@chirurgie-pasing.de Berufsbezeichnung Fach\u00e4rztin f\u00fcr Chirurgie und Gef\u00e4\u00dfchirurgie Verliehen in Bundesrepublik Deutschland \u00c4rztekammer: Bayerische Landes\u00e4rztekammer (www.blaek.de) Kassen\u00e4rztliche Vereinigung Kassen\u00e4rztliche Vereinigung Bayerns (www.kvb.de) Berufsrechtliche Regelungen Berufsordnung f\u00fcr die \u00c4rzte Bayerns Verantwortlich f\u00fcr den Inhalt Nora R\u00e4misch Rechtliche Hinweise [&hellip;]<\/p>\n","protected":false},"author":1,"featured_media":0,"parent":0,"menu_order":0,"comment_status":"closed","ping_status":"closed","template":"","meta":{"footnotes":""},"class_list":["post-4452","page","type-page","status-publish","hentry","has-post-title","has-post-date","has-post-category","has-post-tag","has-post-comment","has-post-author",""],"builder_content":"","_links":{"self":[{"href":"https:\/\/chirurgie-pasing.de\/index.php?rest_route=\/wp\/v2\/pages\/4452","targetHints":{"allow":["GET"]}}],"collection":[{"href":"https:\/\/chirurgie-pasing.de\/index.php?rest_route=\/wp\/v2\/pages"}],"about":[{"href":"https:\/\/chirurgie-pasing.de\/index.php?rest_route=\/wp\/v2\/types\/page"}],"author":[{"embeddable":true,"href":"https:\/\/chirurgie-pasing.de\/index.php?rest_route=\/wp\/v2\/users\/1"}],"replies":[{"embeddable":true,"href":"https:\/\/chirurgie-pasing.de\/index.php?rest_route=%2Fwp%2Fv2%2Fcomments&post=4452"}],"version-history":[{"count":7,"href":"https:\/\/chirurgie-pasing.de\/index.php?rest_route=\/wp\/v2\/pages\/4452\/revisions"}],"predecessor-version":[{"id":4466,"href":"https:\/\/chirurgie-pasing.de\/index.php?rest_route=\/wp\/v2\/pages\/4452\/revisions\/4466"}],"wp:attachment":[{"href":"https:\/\/chirurgie-pasing.de\/index.php?rest_route=%2Fwp%2Fv2%2Fmedia&parent=4452"}],"curies":[{"name":"wp","href":"https:\/\/api.w.org\/{rel}","templated":true}]}}