{"id":4442,"date":"2016-02-23T11:49:01","date_gmt":"2016-02-23T10:49:01","guid":{"rendered":"http:\/\/chirurgie-pasing.de\/?page_id=4442"},"modified":"2021-01-24T12:50:30","modified_gmt":"2021-01-24T11:50:30","slug":"praxis","status":"publish","type":"page","link":"https:\/\/chirurgie-pasing.de\/?page_id=4442","title":{"rendered":"Praxis"},"content":{"rendered":"<p><!--themify_builder_static--><\/p>\n<p>Die Praxis ist mit ihrem Standort am Pasinger Bahnhofsplatz mit \u00f6ffentlichen Verkehrsm\u00f6glichkeiten \u00e4u\u00dferst gut erreichbar.\u00a0Wer mit dem eigenen PKW kommen m\u00f6chte, findet in den PASING ARKADEN Parkpl\u00e4tze. <br \/>Die Praxis ist in dann 3 Minuten zu Fu\u00df zu erreichen.<\/p>\n<p><a href=\"https:\/\/www.google.de\/maps\/dir\/&#039;&#039;\/Pasinger+Bahnhofspl.+4,+81241+M%C3%BCnchen\/@48.1483934,11.3911671,12z\/data=!3m1!4b1!4m8!4m7!1m0!1m5!1m1!1s0x479e77e2d3712865:0x8c66c78d523cdbd8!2m2!1d11.4612068!2d48.1484147\" target=\"_blank\" rel=\"noopener\"> <i><svg><use href=\"#tf-ti-map-alt\"><\/use><\/svg><\/i> Anfahrt <\/a><br \/>\n<img loading=\"lazy\" decoding=\"async\" src=\"http:\/\/chirurgie-pasing.de\/wp-content\/uploads\/2016\/02\/Nora-Praxis23498-2-1024x683.jpg\" width=\"1024\" height=\"683\" title=\"\" alt=\"\"> <img loading=\"lazy\" decoding=\"async\" src=\"http:\/\/chirurgie-pasing.de\/wp-content\/uploads\/2016\/02\/Nora-Praxis24194.jpg\" width=\"1200\" height=\"800\" title=\"\" alt=\"\"> <img loading=\"lazy\" decoding=\"async\" src=\"http:\/\/chirurgie-pasing.de\/wp-content\/uploads\/2016\/02\/Nora-Praxis24138.jpg\" width=\"1200\" height=\"800\" title=\"\" alt=\"\"> <img loading=\"lazy\" decoding=\"async\" src=\"http:\/\/chirurgie-pasing.de\/wp-content\/uploads\/2016\/02\/Nora-Praxis23499.jpg\" width=\"1200\" height=\"800\" title=\"\" alt=\"\"><!--\/themify_builder_static--><\/p>\n","protected":false},"excerpt":{"rendered":"<p>Die Praxis ist mit ihrem Standort am Pasinger Bahnhofsplatz mit \u00f6ffentlichen Verkehrsm\u00f6glichkeiten \u00e4u\u00dferst gut erreichbar.\u00a0Wer mit dem eigenen PKW kommen m\u00f6chte, findet in den PASING ARKADEN Parkpl\u00e4tze. Die Praxis ist in dann 3 Minuten zu Fu\u00df zu erreichen. Anfahrt<\/p>\n","protected":false},"author":1,"featured_media":0,"parent":0,"menu_order":0,"comment_status":"closed","ping_status":"closed","template":"","meta":{"footnotes":""},"class_list":["post-4442","page","type-page","status-publish","hentry","has-post-title","has-post-date","has-post-category","has-post-tag","has-post-comment","has-post-author",""],"builder_content":"<p>Die Praxis ist mit ihrem Standort am Pasinger Bahnhofsplatz mit \u00f6ffentlichen Verkehrsm\u00f6glichkeiten \u00e4u\u00dferst gut erreichbar.\u00a0Wer mit dem eigenen PKW kommen m\u00f6chte, findet in den PASING ARKADEN Parkpl\u00e4tze. <br \/>Die Praxis ist in dann 3 Minuten zu Fu\u00df zu erreichen.<\/p>\n<a href=\"https:\/\/www.google.de\/maps\/dir\/&#039;&#039;\/Pasinger+Bahnhofspl.+4,+81241+M%C3%BCnchen\/@48.1483934,11.3911671,12z\/data=!3m1!4b1!4m8!4m7!1m0!1m5!1m1!1s0x479e77e2d3712865:0x8c66c78d523cdbd8!2m2!1d11.4612068!2d48.1484147\" target=\"_blank\" rel=\"noopener\"> <em><svg xmlns:xlink=\"http:\/\/www.w3.org\/1999\/xlink\" aria-hidden=\"true\"><use href=\"#tf-ti-map-alt\" xlink:href=\"#tf-ti-map-alt\"><\/use><\/svg><\/em> Anfahrt <\/a>\n<img src=\"data:image\/svg+xml,%3Csvg%20xmlns=%27http:\/\/www.w3.org\/2000\/svg%27%20width='1024'%20height='683'%20viewBox=%270%200%201024%20683%27%3E%3C\/svg%3E\" loading=\"lazy\" data-lazy=\"1\" data-tf-not-load=\"1\" decoding=\"async\" data-tf-src=\"http:\/\/chirurgie-pasing.de\/wp-content\/uploads\/2016\/02\/Nora-Praxis23498-2-1024x683.jpg\" width=\"1024\" height=\"683\" title=\"Praxis\" alt=\"Praxis\"><noscript><img data-tf-not-load data-no-script src=\"http:\/\/chirurgie-pasing.de\/wp-content\/uploads\/2016\/02\/Nora-Praxis23498-2-1024x683.jpg\" width=\"1024\" height=\"683\" title=\"Praxis\" alt=\"Praxis\"><\/noscript> <img src=\"data:image\/svg+xml,%3Csvg%20xmlns=%27http:\/\/www.w3.org\/2000\/svg%27%20width='1200'%20height='800'%20viewBox=%270%200%201200%20800%27%3E%3C\/svg%3E\" loading=\"lazy\" data-lazy=\"1\" data-tf-not-load=\"1\" decoding=\"async\" data-tf-src=\"http:\/\/chirurgie-pasing.de\/wp-content\/uploads\/2016\/02\/Nora-Praxis24194.jpg\" width=\"1200\" height=\"800\" title=\"Praxis\" alt=\"Praxis\"><noscript><img data-tf-not-load data-no-script src=\"http:\/\/chirurgie-pasing.de\/wp-content\/uploads\/2016\/02\/Nora-Praxis24194.jpg\" width=\"1200\" height=\"800\" title=\"Praxis\" alt=\"Praxis\"><\/noscript> <img src=\"data:image\/svg+xml,%3Csvg%20xmlns=%27http:\/\/www.w3.org\/2000\/svg%27%20width='1200'%20height='800'%20viewBox=%270%200%201200%20800%27%3E%3C\/svg%3E\" loading=\"lazy\" data-lazy=\"1\" data-tf-not-load=\"1\" decoding=\"async\" data-tf-src=\"http:\/\/chirurgie-pasing.de\/wp-content\/uploads\/2016\/02\/Nora-Praxis24138.jpg\" width=\"1200\" height=\"800\" title=\"Praxis\" alt=\"Praxis\"><noscript><img data-tf-not-load data-no-script src=\"http:\/\/chirurgie-pasing.de\/wp-content\/uploads\/2016\/02\/Nora-Praxis24138.jpg\" width=\"1200\" height=\"800\" title=\"Praxis\" alt=\"Praxis\"><\/noscript> <img src=\"data:image\/svg+xml,%3Csvg%20xmlns=%27http:\/\/www.w3.org\/2000\/svg%27%20width='1200'%20height='800'%20viewBox=%270%200%201200%20800%27%3E%3C\/svg%3E\" loading=\"lazy\" data-lazy=\"1\" data-tf-not-load=\"1\" decoding=\"async\" data-tf-src=\"http:\/\/chirurgie-pasing.de\/wp-content\/uploads\/2016\/02\/Nora-Praxis23499.jpg\" width=\"1200\" height=\"800\" title=\"Praxis\" alt=\"Praxis\"><noscript><img data-tf-not-load data-no-script src=\"http:\/\/chirurgie-pasing.de\/wp-content\/uploads\/2016\/02\/Nora-Praxis23499.jpg\" width=\"1200\" height=\"800\" title=\"Praxis\" alt=\"Praxis\"><\/noscript>","_links":{"self":[{"href":"https:\/\/chirurgie-pasing.de\/index.php?rest_route=\/wp\/v2\/pages\/4442","targetHints":{"allow":["GET"]}}],"collection":[{"href":"https:\/\/chirurgie-pasing.de\/index.php?rest_route=\/wp\/v2\/pages"}],"about":[{"href":"https:\/\/chirurgie-pasing.de\/index.php?rest_route=\/wp\/v2\/types\/page"}],"author":[{"embeddable":true,"href":"https:\/\/chirurgie-pasing.de\/index.php?rest_route=\/wp\/v2\/users\/1"}],"replies":[{"embeddable":true,"href":"https:\/\/chirurgie-pasing.de\/index.php?rest_route=%2Fwp%2Fv2%2Fcomments&post=4442"}],"version-history":[{"count":6,"href":"https:\/\/chirurgie-pasing.de\/index.php?rest_route=\/wp\/v2\/pages\/4442\/revisions"}],"predecessor-version":[{"id":4526,"href":"https:\/\/chirurgie-pasing.de\/index.php?rest_route=\/wp\/v2\/pages\/4442\/revisions\/4526"}],"wp:attachment":[{"href":"https:\/\/chirurgie-pasing.de\/index.php?rest_route=%2Fwp%2Fv2%2Fmedia&parent=4442"}],"curies":[{"name":"wp","href":"https:\/\/api.w.org\/{rel}","templated":true}]}}