{"id":4361,"date":"2016-01-25T23:36:53","date_gmt":"2016-01-25T22:36:53","guid":{"rendered":"http:\/\/chirurgie-pasing.de\/?page_id=4361"},"modified":"2025-01-30T11:08:41","modified_gmt":"2025-01-30T10:08:41","slug":"profil","status":"publish","type":"page","link":"https:\/\/chirurgie-pasing.de\/?page_id=4361","title":{"rendered":"Profil"},"content":{"rendered":"<p><!--themify_builder_static--><img loading=\"lazy\" decoding=\"async\" src=\"http:\/\/chirurgie-pasing.de\/wp-content\/uploads\/2022\/05\/Nora_Profil.jpg\" width=\"400\" height=\"490\"><\/p>\n<p><strong>Nora R\u00e4misch<\/strong><\/p>\n<p>Studium in K\u00f6ln und Ausbildung zur Fach\u00e4rztin f\u00fcr Chirurgie\u00a0bei Professor Horsch, Krankenhaus K\u00f6ln Porz,\u00a0akademisches Lehrkrankenhaus der Universit\u00e4t K\u00f6ln.<br \/> Not\u00e4rztin und Intensivmedizin<br \/> Weiterbildung zur Fach\u00e4rztin f\u00fcr Gef\u00e4\u00dfchirurgie\u00a0bei Professor Imig, Krankenhaus Hamburg Harburg,\u00a0akademisches Lehrkrankenhaus der Universit\u00e4t Hamburg.<\/p>\n<p>Phlebologie in der Artemed-Klinik M\u00fcnchen (3 Jahre)<br \/> Praxiserfahrung in der PKMP M\u00fcnchen (5 Jahre)<\/p>\n<p><strong>Mitglied bei<\/strong><\/p>\n<p><img loading=\"lazy\" decoding=\"async\" src=\"http:\/\/chirurgie-pasing.de\/wp-content\/uploads\/2016\/01\/chirurgie_pasing_0000_image001.png.png\" width=\"500\" height=\"193\" alt=\"Deutsche Gesellschaft f\u00fcr Chirurgie\"> Deutsche Gesellschaft f\u00fcr Chirurgie<br \/>\n<img loading=\"lazy\" decoding=\"async\" src=\"http:\/\/chirurgie-pasing.de\/wp-content\/uploads\/2016\/01\/chirurgie_pasing_0001_image003.png.png\" width=\"500\" height=\"193\" alt=\"Berufsverband der Deutschen Chirurgen e.V.\"> Berufsverband der Deutschen Chirurgen e.V.<br \/>\n<img loading=\"lazy\" decoding=\"async\" src=\"http:\/\/chirurgie-pasing.de\/wp-content\/uploads\/2016\/01\/chirurgie_pasing_0002_image005.png.png\" width=\"500\" height=\"193\" alt=\"Deutsche Gesellschaft f\u00fcr Phlebologie\"> Deutsche Gesellschaft f\u00fcr Phlebologie<br \/>\n<img loading=\"lazy\" decoding=\"async\" src=\"http:\/\/chirurgie-pasing.de\/wp-content\/uploads\/2016\/01\/chirurgie_pasing_0003_image007.png.png\" width=\"500\" height=\"193\" alt=\"Tennisabteilung des TSV Moosach Hartmannshofen\"> Tennisabteilung des TSV Moosach Hartmannshofen<!--\/themify_builder_static--><\/p>\n","protected":false},"excerpt":{"rendered":"<p>Nora R\u00e4misch Studium in K\u00f6ln und Ausbildung zur Fach\u00e4rztin f\u00fcr Chirurgie\u00a0bei Professor Horsch, Krankenhaus K\u00f6ln Porz,\u00a0akademisches Lehrkrankenhaus der Universit\u00e4t K\u00f6ln. Not\u00e4rztin und Intensivmedizin Weiterbildung zur Fach\u00e4rztin f\u00fcr Gef\u00e4\u00dfchirurgie\u00a0bei Professor Imig, Krankenhaus Hamburg Harburg,\u00a0akademisches Lehrkrankenhaus der Universit\u00e4t Hamburg. Phlebologie in der Artemed-Klinik M\u00fcnchen (3 Jahre) Praxiserfahrung in der PKMP M\u00fcnchen (5 Jahre) Mitglied bei Deutsche Gesellschaft [&hellip;]<\/p>\n","protected":false},"author":1,"featured_media":0,"parent":0,"menu_order":0,"comment_status":"closed","ping_status":"closed","template":"","meta":{"footnotes":""},"class_list":["post-4361","page","type-page","status-publish","hentry","has-post-title","has-post-date","has-post-category","has-post-tag","has-post-comment","has-post-author",""],"builder_content":"<img src=\"http:\/\/chirurgie-pasing.de\/wp-content\/uploads\/2022\/05\/Nora_Profil.jpg\" width=\"400\" height=\"490\" title=\"Profil\" alt=\"Profil\">\n<p><strong>Nora R\u00e4misch<\/strong><\/p> <p>Studium in K\u00f6ln und Ausbildung zur Fach\u00e4rztin f\u00fcr Chirurgie\u00a0bei Professor Horsch, Krankenhaus K\u00f6ln Porz,\u00a0akademisches Lehrkrankenhaus der Universit\u00e4t K\u00f6ln.<br \/> Not\u00e4rztin und Intensivmedizin<br \/> Weiterbildung zur Fach\u00e4rztin f\u00fcr Gef\u00e4\u00dfchirurgie\u00a0bei Professor Imig, Krankenhaus Hamburg Harburg,\u00a0akademisches Lehrkrankenhaus der Universit\u00e4t Hamburg.<\/p> <p>Phlebologie in der Artemed-Klinik M\u00fcnchen (3 Jahre)<br \/> Praxiserfahrung in der PKMP M\u00fcnchen (5 Jahre)<\/p>\n\n<p><strong>Mitglied bei<\/strong><\/p>\n<img src=\"http:\/\/chirurgie-pasing.de\/wp-content\/uploads\/2016\/01\/chirurgie_pasing_0000_image001.png.png\" width=\"500\" height=\"193\" alt=\"Deutsche Gesellschaft f\u00fcr Chirurgie\"> Deutsche Gesellschaft f\u00fcr Chirurgie\n<img src=\"http:\/\/chirurgie-pasing.de\/wp-content\/uploads\/2016\/01\/chirurgie_pasing_0001_image003.png.png\" width=\"500\" height=\"193\" alt=\"Berufsverband der Deutschen Chirurgen e.V.\"> Berufsverband der Deutschen Chirurgen e.V.\n<img src=\"http:\/\/chirurgie-pasing.de\/wp-content\/uploads\/2016\/01\/chirurgie_pasing_0002_image005.png.png\" width=\"500\" height=\"193\" alt=\"Deutsche Gesellschaft f\u00fcr Phlebologie\"> Deutsche Gesellschaft f\u00fcr Phlebologie\n<img src=\"http:\/\/chirurgie-pasing.de\/wp-content\/uploads\/2016\/01\/chirurgie_pasing_0003_image007.png.png\" width=\"500\" height=\"193\" alt=\"Tennisabteilung des TSV Moosach Hartmannshofen\"> Tennisabteilung des TSV Moosach Hartmannshofen","_links":{"self":[{"href":"https:\/\/chirurgie-pasing.de\/index.php?rest_route=\/wp\/v2\/pages\/4361","targetHints":{"allow":["GET"]}}],"collection":[{"href":"https:\/\/chirurgie-pasing.de\/index.php?rest_route=\/wp\/v2\/pages"}],"about":[{"href":"https:\/\/chirurgie-pasing.de\/index.php?rest_route=\/wp\/v2\/types\/page"}],"author":[{"embeddable":true,"href":"https:\/\/chirurgie-pasing.de\/index.php?rest_route=\/wp\/v2\/users\/1"}],"replies":[{"embeddable":true,"href":"https:\/\/chirurgie-pasing.de\/index.php?rest_route=%2Fwp%2Fv2%2Fcomments&post=4361"}],"version-history":[{"count":8,"href":"https:\/\/chirurgie-pasing.de\/index.php?rest_route=\/wp\/v2\/pages\/4361\/revisions"}],"predecessor-version":[{"id":4549,"href":"https:\/\/chirurgie-pasing.de\/index.php?rest_route=\/wp\/v2\/pages\/4361\/revisions\/4549"}],"wp:attachment":[{"href":"https:\/\/chirurgie-pasing.de\/index.php?rest_route=%2Fwp%2Fv2%2Fmedia&parent=4361"}],"curies":[{"name":"wp","href":"https:\/\/api.w.org\/{rel}","templated":true}]}}