{"id":4339,"date":"2016-01-22T12:42:05","date_gmt":"2016-01-22T11:42:05","guid":{"rendered":"http:\/\/chirurgie-pasing.de\/?page_id=4339"},"modified":"2025-01-30T11:09:08","modified_gmt":"2025-01-30T10:09:08","slug":"leistungen","status":"publish","type":"page","link":"https:\/\/chirurgie-pasing.de\/?page_id=4339","title":{"rendered":"Leistungen"},"content":{"rendered":"<p><!--themify_builder_static--><\/p>\n<h2>T\u00e4tigkeitsschwerpunkte<\/h2>\n<p><svg> <circle r=\"calc(50% - 2.00px)\" cx=\"50%\" cy=\"50%\" stroke-width=\"4\"\/> <circle r=\"calc(50% - 2.00px)\" cx=\"50%\" cy=\"50%\" stroke=\"#14c075\" stroke-width=\"4\" data-progress=\"100\" stroke-dasharray=\"0,10000\"\/> <\/svg> <em style=\"color:#14c075\"><svg aria-hidden=\"true\"><use href=\"#tf-fas-search\"><\/use><\/svg><\/em> <\/p>\n<p>Diagnostik von Venenleiden<\/p>\n<p><svg> <circle r=\"calc(50% - 2.00px)\" cx=\"50%\" cy=\"50%\" stroke-width=\"4\"\/> <circle r=\"calc(50% - 2.00px)\" cx=\"50%\" cy=\"50%\" stroke=\"#14c075\" stroke-width=\"4\" data-progress=\"100\" stroke-dasharray=\"0,10000\"\/> <\/svg> <em style=\"color:#14c075\"><svg aria-hidden=\"true\"><use href=\"#tf-fas-plus\"><\/use><\/svg><\/em> <\/p>\n<p>Ver\u00f6dungstherapie<\/p>\n<p><svg> <circle r=\"calc(50% - 2.00px)\" cx=\"50%\" cy=\"50%\" stroke-width=\"4\"\/> <circle r=\"calc(50% - 2.00px)\" cx=\"50%\" cy=\"50%\" stroke=\"#14c075\" stroke-width=\"4\" data-progress=\"100\" stroke-dasharray=\"0,10000\"\/> <\/svg> <em style=\"color:#14c075\"><svg aria-hidden=\"true\"><use href=\"#tf-far-user-md\"><\/use><\/svg><\/em> <\/p>\n<p>Thrombosemanagement<\/p>\n<p><svg> <circle r=\"calc(50% - 2.00px)\" cx=\"50%\" cy=\"50%\" stroke-width=\"4\"\/> <circle r=\"calc(50% - 2.00px)\" cx=\"50%\" cy=\"50%\" stroke=\"#14c075\" stroke-width=\"4\" data-progress=\"100\" stroke-dasharray=\"0,10000\"\/> <\/svg> <em style=\"color:#14c075\"><svg aria-hidden=\"true\"><use href=\"#tf-fas-heartbeat\"><\/use><\/svg><\/em> <\/p>\n<p>Moderne Operationsverfahren in Lokalan\u00e4sthesie<br \/>oder Vollnarkose<\/p>\n<h3>Allgemeine Chirurgie<\/h3>\n<p>Die chirurgische Praxis am Pasinger Bahnhofsplatz bietet Ihnen schnelle und fundierte Hilfe bei kleineren Verletzungen und chirurgischen Problemen.<\/p>\n<h3>Schwerpunkte:<\/h3>\n<p><strong>Venenerkrankungen<\/strong><br \/>Venenerkrankungen werden nach den neuesten wissenschaftlichen und medizinischen Erkenntnissen diagnostiziert und behandelt.<\/p>\n<p><strong>Allgemein<\/strong><br \/>Neben der hochqualifizierten medizinischen Betreuung legen wir h\u00f6chsten Wert auf die wirklich pers\u00f6nliche und individuelle Behandlung der Patienten.<br \/>Die notwendigen Untersuchungen und Behandlungen, die gesamte Betreuung bekommen Sie aus einer Hand.<br \/>Sehr wichtig ist mir auch die Kooperation mit Ihrem Hausarzt damit Doppeluntersuchungen und Fehler durch fehlende Information vermieden werden.<\/p>\n<p>Bei der Erstuntersuchung bringen Sie bitte Ihre fr\u00fcheren Befunde mit!<br \/>Akut Erkrankte und Notf\u00e4lle werden w\u00e4hrend der Sprechzeiten jederzeit betreut.<br \/>Meistens k\u00f6nnen wir Sie kurzfristig einschieben, bzw. einen kurzfristigen Termin erm\u00f6glichen.<br \/>Sollten sich dadurch andere Termine etwas verschieben und Wartezeiten entstehen, bitten wir Sie daf\u00fcr herzlich um Entschuldigung.<br \/>Sollten Sie einen vereinbarten Termin nicht wahrnehmen k\u00f6nnen, sagen Sie uns bitte fr\u00fchestm\u00f6glich Bescheid.<\/p>\n<p><img loading=\"lazy\" decoding=\"async\" src=\"http:\/\/chirurgie-pasing.de\/wp-content\/uploads\/2016\/02\/Nora-Praxis23683.jpg\" width=\"1200\" height=\"800\"><\/p>\n<h5>Vereinbaren Sie ein pers\u00f6nliches Beratungsgespr\u00e4ch bei meinen\u00a0Praxisassistentinnen.<\/h5>\n<h5>Ihre Nora R\u00e4misch &amp; Team<\/h5>\n<p><a href=\"http:\/\/chirurgie-pasing.de\/?page_id=4335\" > <em><svg aria-hidden=\"true\"><use href=\"#tf-ti-user\"><\/use><\/svg><\/em> Kontakt <\/a><!--\/themify_builder_static--><\/p>\n","protected":false},"excerpt":{"rendered":"<p>T\u00e4tigkeitsschwerpunkte Diagnostik von Venenleiden Ver\u00f6dungstherapie Thrombosemanagement Moderne Operationsverfahren in Lokalan\u00e4sthesieoder Vollnarkose Allgemeine Chirurgie Die chirurgische Praxis am Pasinger Bahnhofsplatz bietet Ihnen schnelle und fundierte Hilfe bei kleineren Verletzungen und chirurgischen Problemen. Schwerpunkte: VenenerkrankungenVenenerkrankungen werden nach den neuesten wissenschaftlichen und medizinischen Erkenntnissen diagnostiziert und behandelt. AllgemeinNeben der hochqualifizierten medizinischen Betreuung legen wir h\u00f6chsten Wert auf die [&hellip;]<\/p>\n","protected":false},"author":1,"featured_media":0,"parent":0,"menu_order":0,"comment_status":"closed","ping_status":"closed","template":"","meta":{"footnotes":""},"class_list":["post-4339","page","type-page","status-publish","hentry","has-post-title","has-post-date","has-post-category","has-post-tag","has-post-comment","has-post-author",""],"builder_content":"<h2>T\u00e4tigkeitsschwerpunkte<\/h2>\n<svg> <circle r=\"calc(50% - 2.00px)\" cx=\"50%\" cy=\"50%\" stroke-width=\"4\"\/> <circle r=\"calc(50% - 2.00px)\" cx=\"50%\" cy=\"50%\" stroke=\"#14c075\" stroke-width=\"4\" data-progress=\"100\" stroke-dasharray=\"0,10000\"\/> <\/svg> <em style=\"color:#14c075\"><svg xmlns:xlink=\"http:\/\/www.w3.org\/1999\/xlink\" aria-hidden=\"true\"><use href=\"#tf-fas-search\" xlink:href=\"#tf-fas-search\"><\/use><\/svg><\/em> \n <p>Diagnostik von Venenleiden<\/p>\n<svg> <circle r=\"calc(50% - 2.00px)\" cx=\"50%\" cy=\"50%\" stroke-width=\"4\"\/> <circle r=\"calc(50% - 2.00px)\" cx=\"50%\" cy=\"50%\" stroke=\"#14c075\" stroke-width=\"4\" data-progress=\"100\" stroke-dasharray=\"0,10000\"\/> <\/svg> <em style=\"color:#14c075\"><svg xmlns:xlink=\"http:\/\/www.w3.org\/1999\/xlink\" aria-hidden=\"true\"><use href=\"#tf-fas-plus\" xlink:href=\"#tf-fas-plus\"><\/use><\/svg><\/em> \n <p>Ver\u00f6dungstherapie<\/p>\n<svg> <circle r=\"calc(50% - 2.00px)\" cx=\"50%\" cy=\"50%\" stroke-width=\"4\"\/> <circle r=\"calc(50% - 2.00px)\" cx=\"50%\" cy=\"50%\" stroke=\"#14c075\" stroke-width=\"4\" data-progress=\"100\" stroke-dasharray=\"0,10000\"\/> <\/svg> <em style=\"color:#14c075\"><svg xmlns:xlink=\"http:\/\/www.w3.org\/1999\/xlink\" aria-hidden=\"true\"><use href=\"#tf-far-user-md\" xlink:href=\"#tf-far-user-md\"><\/use><\/svg><\/em> \n <p>Thrombosemanagement<\/p>\n<svg> <circle r=\"calc(50% - 2.00px)\" cx=\"50%\" cy=\"50%\" stroke-width=\"4\"\/> <circle r=\"calc(50% - 2.00px)\" cx=\"50%\" cy=\"50%\" stroke=\"#14c075\" stroke-width=\"4\" data-progress=\"100\" stroke-dasharray=\"0,10000\"\/> <\/svg> <em style=\"color:#14c075\"><svg xmlns:xlink=\"http:\/\/www.w3.org\/1999\/xlink\" aria-hidden=\"true\"><use href=\"#tf-fas-heartbeat\" xlink:href=\"#tf-fas-heartbeat\"><\/use><\/svg><\/em> \n <p>Moderne Operationsverfahren in Lokalan\u00e4sthesie<br \/>oder Vollnarkose<\/p>\n<h3>Allgemeine Chirurgie<\/h3> <p>Die chirurgische Praxis am Pasinger Bahnhofsplatz bietet Ihnen schnelle und fundierte Hilfe bei kleineren Verletzungen und chirurgischen Problemen.<\/p> <h3>Schwerpunkte:<\/h3> <p><strong>Venenerkrankungen<\/strong><br \/>Venenerkrankungen werden nach den neuesten wissenschaftlichen und medizinischen Erkenntnissen diagnostiziert und behandelt.<\/p> <p><strong>Allgemein<\/strong><br \/>Neben der hochqualifizierten medizinischen Betreuung legen wir h\u00f6chsten Wert auf die wirklich pers\u00f6nliche und individuelle Behandlung der Patienten.<br \/>Die notwendigen Untersuchungen und Behandlungen, die gesamte Betreuung bekommen Sie aus einer Hand.<br \/>Sehr wichtig ist mir auch die Kooperation mit Ihrem Hausarzt damit Doppeluntersuchungen und Fehler durch fehlende Information vermieden werden.<\/p> <p>Bei der Erstuntersuchung bringen Sie bitte Ihre fr\u00fcheren Befunde mit!<br \/>Akut Erkrankte und Notf\u00e4lle werden w\u00e4hrend der Sprechzeiten jederzeit betreut.<br \/>Meistens k\u00f6nnen wir Sie kurzfristig einschieben, bzw. einen kurzfristigen Termin erm\u00f6glichen.<br \/>Sollten sich dadurch andere Termine etwas verschieben und Wartezeiten entstehen, bitten wir Sie daf\u00fcr herzlich um Entschuldigung.<br \/>Sollten Sie einen vereinbarten Termin nicht wahrnehmen k\u00f6nnen, sagen Sie uns bitte fr\u00fchestm\u00f6glich Bescheid.<\/p>\n<img src=\"http:\/\/chirurgie-pasing.de\/wp-content\/uploads\/2016\/02\/Nora-Praxis23683.jpg\" width=\"1200\" height=\"800\" title=\"Leistungen\" alt=\"Leistungen\">\n<h5>Vereinbaren Sie ein pers\u00f6nliches Beratungsgespr\u00e4ch bei meinen\u00a0Praxisassistentinnen.<\/h5> <h5>Ihre Nora R\u00e4misch &amp; Team<\/h5>\n<a href=\"http:\/\/chirurgie-pasing.de\/?page_id=4335\" > <em><svg xmlns:xlink=\"http:\/\/www.w3.org\/1999\/xlink\" aria-hidden=\"true\"><use href=\"#tf-ti-user\" xlink:href=\"#tf-ti-user\"><\/use><\/svg><\/em> Kontakt <\/a>","_links":{"self":[{"href":"https:\/\/chirurgie-pasing.de\/index.php?rest_route=\/wp\/v2\/pages\/4339","targetHints":{"allow":["GET"]}}],"collection":[{"href":"https:\/\/chirurgie-pasing.de\/index.php?rest_route=\/wp\/v2\/pages"}],"about":[{"href":"https:\/\/chirurgie-pasing.de\/index.php?rest_route=\/wp\/v2\/types\/page"}],"author":[{"embeddable":true,"href":"https:\/\/chirurgie-pasing.de\/index.php?rest_route=\/wp\/v2\/users\/1"}],"replies":[{"embeddable":true,"href":"https:\/\/chirurgie-pasing.de\/index.php?rest_route=%2Fwp%2Fv2%2Fcomments&post=4339"}],"version-history":[{"count":7,"href":"https:\/\/chirurgie-pasing.de\/index.php?rest_route=\/wp\/v2\/pages\/4339\/revisions"}],"predecessor-version":[{"id":4551,"href":"https:\/\/chirurgie-pasing.de\/index.php?rest_route=\/wp\/v2\/pages\/4339\/revisions\/4551"}],"wp:attachment":[{"href":"https:\/\/chirurgie-pasing.de\/index.php?rest_route=%2Fwp%2Fv2%2Fmedia&parent=4339"}],"curies":[{"name":"wp","href":"https:\/\/api.w.org\/{rel}","templated":true}]}}