{"id":4335,"date":"2016-01-22T11:23:24","date_gmt":"2016-01-22T10:23:24","guid":{"rendered":"http:\/\/chirurgie-pasing.de\/?page_id=4335"},"modified":"2021-07-01T10:01:24","modified_gmt":"2021-07-01T08:01:24","slug":"kontakt","status":"publish","type":"page","link":"https:\/\/chirurgie-pasing.de\/?page_id=4335","title":{"rendered":"Kontakt"},"content":{"rendered":"<p><!--themify_builder_static--><\/p>\n<h2>Info<\/h2>\n<p><a href=\"tel:+49898341230\"> <i><svg><use href=\"#tf-ti-mobile\"><\/use><\/svg><\/i> 089 \u2013 834 1230 <\/a><br \/>\n<a href=\"#\"> <i><svg><use href=\"#tf-ti-printer\"><\/use><\/svg><\/i> 089 \u2013 820 85423 <\/a><br \/>\n<a href=\"https:\/\/www.google.de\/maps\/dir\/&#039;&#039;\/Pasinger+Bahnhofspl.+4,+81241+M%C3%BCnchen\/@48.1483934,11.3911671,12z\/data=!3m1!4b1!4m8!4m7!1m0!1m5!1m1!1s0x479e77e2d3712865:0x8c66c78d523cdbd8!2m2!1d11.4612068!2d48.1484147\" rel=\"noopener\" target=\"_blank\"> <i><svg><use href=\"#tf-ti-map-alt\"><\/use><\/svg><\/i> Pasinger Bahnhofsplatz 4,\u00a081241 M\u00fcnchen-Pasing <\/a><\/p>\n<p>Die Praxis ist mit ihrem Standort am Pasinger Bahnhofsplatz mit \u00f6ffentlichen Verkehrsm\u00f6glichkeiten \u00e4u\u00dferst gut erreichbar.<br \/>Wer mit dem eigenen PKW kommen m\u00f6chte, findet in den PASING ARKADEN Parkpl\u00e4tze.<br \/>Die Praxis ist in dann 3 Minuten zu Fu\u00df zu erreichen.<\/p>\n<p><iframe loading=\"lazy\" style=\"border: 0;\" src=\"https:\/\/www.google.com\/maps\/embed?pb=!1m18!1m12!1m3!1d2662.0192409919873!2d11.45907821564937!3d48.14843427922428!2m3!1f0!2f0!3f0!3m2!1i1024!2i768!4f13.1!3m3!1m2!1s0x0%3A0x8c66c78d523cdbd8!2sChirurgie+%26+Phlebologie+Pasing!5e0!3m2!1sde!2sde!4v1469457918634\" width=\"2000\" height=\"450\" frameborder=\"0\" allowfullscreen=\"allowfullscreen\"><\/iframe><!--\/themify_builder_static--><\/p>\n","protected":false},"excerpt":{"rendered":"<p>Info 089 \u2013 834 1230 089 \u2013 820 85423 Pasinger Bahnhofsplatz 4,\u00a081241 M\u00fcnchen-Pasing Die Praxis ist mit ihrem Standort am Pasinger Bahnhofsplatz mit \u00f6ffentlichen Verkehrsm\u00f6glichkeiten \u00e4u\u00dferst gut erreichbar.Wer mit dem eigenen PKW kommen m\u00f6chte, findet in den PASING ARKADEN Parkpl\u00e4tze.Die Praxis ist in dann 3 Minuten zu Fu\u00df zu erreichen.<\/p>\n","protected":false},"author":1,"featured_media":0,"parent":0,"menu_order":0,"comment_status":"closed","ping_status":"closed","template":"","meta":{"footnotes":""},"class_list":["post-4335","page","type-page","status-publish","hentry","has-post-title","has-post-date","has-post-category","has-post-tag","has-post-comment","has-post-author",""],"builder_content":"<h2>Info<\/h2>\n<a href=\"tel:+49898341230\"> <em ><svg xmlns:xlink=\"http:\/\/www.w3.org\/1999\/xlink\" aria-hidden=\"true\"><use href=\"#tf-ti-mobile\" xlink:href=\"#tf-ti-mobile\"><\/use><\/svg><\/em> 089 \u2013 834 1230 <\/a>\n<a href=\"#\"> <em ><svg xmlns:xlink=\"http:\/\/www.w3.org\/1999\/xlink\" aria-hidden=\"true\"><use href=\"#tf-ti-printer\" xlink:href=\"#tf-ti-printer\"><\/use><\/svg><\/em> 089 \u2013 820 85423 <\/a>\n<a href=\"https:\/\/www.google.de\/maps\/dir\/&#039;&#039;\/Pasinger+Bahnhofspl.+4,+81241+M%C3%BCnchen\/@48.1483934,11.3911671,12z\/data=!3m1!4b1!4m8!4m7!1m0!1m5!1m1!1s0x479e77e2d3712865:0x8c66c78d523cdbd8!2m2!1d11.4612068!2d48.1484147\" rel=\"noopener\" target=\"_blank\"> <em ><svg xmlns:xlink=\"http:\/\/www.w3.org\/1999\/xlink\" aria-hidden=\"true\"><use href=\"#tf-ti-map-alt\" xlink:href=\"#tf-ti-map-alt\"><\/use><\/svg><\/em> Pasinger Bahnhofsplatz 4,\u00a081241 M\u00fcnchen-Pasing <\/a>\n<p>Die Praxis ist mit ihrem Standort am Pasinger Bahnhofsplatz mit \u00f6ffentlichen Verkehrsm\u00f6glichkeiten \u00e4u\u00dferst gut erreichbar.<br \/>Wer mit dem eigenen PKW kommen m\u00f6chte, findet in den PASING ARKADEN Parkpl\u00e4tze.<br \/>Die Praxis ist in dann 3 Minuten zu Fu\u00df zu erreichen.<\/p>\n<iframe style=\"border: 0;\" src=\"https:\/\/www.google.com\/maps\/embed?pb=!1m18!1m12!1m3!1d2662.0192409919873!2d11.45907821564937!3d48.14843427922428!2m3!1f0!2f0!3f0!3m2!1i1024!2i768!4f13.1!3m3!1m2!1s0x0%3A0x8c66c78d523cdbd8!2sChirurgie+%26+Phlebologie+Pasing!5e0!3m2!1sde!2sde!4v1469457918634\" width=\"2000\" height=\"450\" frameborder=\"0\" allowfullscreen=\"allowfullscreen\"><\/iframe>","_links":{"self":[{"href":"https:\/\/chirurgie-pasing.de\/index.php?rest_route=\/wp\/v2\/pages\/4335","targetHints":{"allow":["GET"]}}],"collection":[{"href":"https:\/\/chirurgie-pasing.de\/index.php?rest_route=\/wp\/v2\/pages"}],"about":[{"href":"https:\/\/chirurgie-pasing.de\/index.php?rest_route=\/wp\/v2\/types\/page"}],"author":[{"embeddable":true,"href":"https:\/\/chirurgie-pasing.de\/index.php?rest_route=\/wp\/v2\/users\/1"}],"replies":[{"embeddable":true,"href":"https:\/\/chirurgie-pasing.de\/index.php?rest_route=%2Fwp%2Fv2%2Fcomments&post=4335"}],"version-history":[{"count":12,"href":"https:\/\/chirurgie-pasing.de\/index.php?rest_route=\/wp\/v2\/pages\/4335\/revisions"}],"predecessor-version":[{"id":4536,"href":"https:\/\/chirurgie-pasing.de\/index.php?rest_route=\/wp\/v2\/pages\/4335\/revisions\/4536"}],"wp:attachment":[{"href":"https:\/\/chirurgie-pasing.de\/index.php?rest_route=%2Fwp%2Fv2%2Fmedia&parent=4335"}],"curies":[{"name":"wp","href":"https:\/\/api.w.org\/{rel}","templated":true}]}}